{"id":2014,"date":"2022-03-13T11:30:38","date_gmt":"2022-03-13T10:30:38","guid":{"rendered":"https:\/\/astridschaefer.de\/pie-de-imprenta\/"},"modified":"2022-12-15T13:12:42","modified_gmt":"2022-12-15T12:12:42","slug":"pie-de-imprenta","status":"publish","type":"page","link":"https:\/\/astridschaefer.de\/es\/pie-de-imprenta\/","title":{"rendered":"Pie de imprenta"},"content":{"rendered":"\n<p><strong>Responsable del contenido seg\u00fan \u00a7 55 para. 2 RStV:<\/strong><\/p>\n\n<p>astridschaefer.de es operado por:<\/p>\n\n<p>Astrid Sch\u00e4fer &#8211; Inmobiliaria en el Lago de Constanza<br\/>Fritz-Arnold-Str. 16<br\/>78467 Constanza<br\/>Alemania<\/p>\n\n<p>Tel\u00e9fono: +49 (0) 7531 9764840<br\/>M\u00f3vil: +49 (0) 160 97852791<br\/>Correo electr\u00f3nico: immobilien@astridschaefer.de<br\/>Internet: astridschaefer.de<\/p>\n\n<p>CIF: DE 232027466<\/p>\n\n<p><strong>Representado por:<\/strong><\/p>\n\n<p>Sra. Astrid Sch\u00e4fer | PropietariaSupervisora<\/p>\n\n<p>IHK Hochrhein-Bodensee Reichenauerstra\u00dfe 21<br\/>78467 Constanza<br\/>www.konstanz.ihk.de<br\/>info@konstanz.ihk.de<\/p>\n\n<p><strong>Autoridad de supervisi\u00f3n profesional<\/strong><\/p>\n\n<p>Desde el 01.03.2019, las c\u00e1maras de industria y comercio de Baden W\u00fcrttemberg son las autoridades responsables de la concesi\u00f3n de licencias y la supervisi\u00f3n de acuerdo con \u00a734c GewO: IHK Hochrhein-Bodensee, Reichenaustr. 21, D-78467 Konstanz www.konstanz.ihk.de, info@konstanz.ihk.de<\/p>\n\n<p>Permiso acc. \u00a7Art\u00edculo 34c de la Ley de Ordenaci\u00f3n del Comercio para Astrid Sch\u00e4fer. Como AGENTE INMOBILIARIO, ejercemos una actividad que requiere una licencia de conformidad con el art\u00edculo 34c de la Ley alemana de Ordenaci\u00f3n del Comercio (GewO). \u00a7Apartado 1 del art\u00edculo 5 TMG seg\u00fan. Este permiso fue concedido por la Oficina de Distrito de Constanza de conformidad con la Ordenanza de Comercio, Agentes Inmobiliarios y Promotores Inmobiliarios, pero a partir del 01.03.2019 las C\u00e1maras de Industria y Comercio (v\u00e9ase m\u00e1s arriba para la direcci\u00f3n) son responsables.<\/p>\n\n<p><strong>Derechos de autor<\/strong><\/p>\n\n<p>\u00a9 Astrid Sch\u00e4fer &#8211; Inmobiliaria privada<br\/>Las marcas comerciales y nombres de marca pertenecen a sus respectivos propietarios.<\/p>\n\n<p>Cualquier reimpresi\u00f3n, copia, incluso parcial, de los contenidos (por ejemplo, fotos de fabricante, im\u00e1genes, descripciones, textos editoriales, etc.) y gr\u00e1ficos (creaciones gr\u00e1ficas) y cualquier imitaci\u00f3n del dise\u00f1o web, incluso parcial, no est\u00e1 permitida sin el permiso expreso del propietario de \u00abprivate-immobilien-bodensee.de\u00bb y del respectivo titular de los derechos de autor.<\/p>\n\n<p>Quien utilice un trabajo de dise\u00f1o (aunque sea en parte), material gr\u00e1fico o textos sin obtener los derechos de uso necesarios est\u00e1 cometiendo una infracci\u00f3n de los derechos de autor. Esta infracci\u00f3n da lugar a diversas reclamaciones para el derechohabiente (autor, titular de los derechos de uso), en particular reclamaciones de medidas cautelares, informaci\u00f3n y da\u00f1os y perjuicios.<\/p>\n\n<p>El derecho a medidas cautelares existe contra cualquiera que participe en la infracci\u00f3n de los derechos de autor, incluso si el infractor act\u00faa de buena fe y puede incluso no saber que est\u00e1 infringiendo los derechos de autor de otro.<\/p>\n\n<p><strong>Descargo de responsabilidad<\/strong><\/p>\n\n<p>Los contenidos de este sitio web se han creado con sumo cuidado. No obstante, no puede garantizarse la exactitud, integridad y actualidad de los contenidos. De acuerdo con la legislaci\u00f3n general, somos responsables de nuestro propio contenido en este sitio web. Sin embargo, no estamos obligados a controlar la informaci\u00f3n de terceros transmitida o almacenada ni a investigar circunstancias que indiquen una actividad ilegal. Las obligaciones de eliminar o bloquear el uso de la informaci\u00f3n de acuerdo con las leyes generales no se ven afectadas por esto. Sin embargo, la responsabilidad a este respecto s\u00f3lo es posible a partir del momento en que se tiene conocimiento de una infracci\u00f3n concreta. Si tenemos conocimiento de alguna infracci\u00f3n de este tipo, el contenido en cuesti\u00f3n ser\u00e1 retirado inmediatamente.<\/p>\n\n<p><strong>Responsabilidad de los enlaces<\/strong><\/p>\n\n<p>Este sitio web contiene enlaces a sitios web externos de terceros sobre cuyo contenido no tenemos ninguna influencia. Por lo tanto, no se puede asumir ninguna garant\u00eda por estos contenidos externos. El proveedor u operador de las p\u00e1ginas es siempre responsable del contenido de las p\u00e1ginas enlazadas. Las p\u00e1ginas enlazadas fueron revisadas para detectar posibles infracciones legales en el momento de enlazarlas. Los contenidos ilegales no eran reconocibles en el momento del enlace. Sin embargo, un control permanente de los contenidos de las p\u00e1ginas enlazadas no es razonable si no hay indicios concretos de una violaci\u00f3n de la ley. Si tenemos conocimiento de alguna infracci\u00f3n, dichos enlaces se eliminar\u00e1n inmediatamente.<\/p>\n","protected":false},"excerpt":{"rendered":"<p>Responsable del contenido seg\u00fan \u00a7 55 para. 2 RStV: astridschaefer.de es operado por: Astrid Sch\u00e4fer &#8211; Inmobiliaria en el Lago de ConstanzaFritz-Arnold-Str. 1678467 ConstanzaAlemania Tel\u00e9fono: +49 (0) 7531 9764840M\u00f3vil: +49 (0) 160 97852791Correo electr\u00f3nico: immobilien@astridschaefer.deInternet: astridschaefer.de CIF: DE 232027466 Representado por: Sra. Astrid Sch\u00e4fer | PropietariaSupervisora IHK Hochrhein-Bodensee Reichenauerstra\u00dfe 2178467 Constanzawww.konstanz.ihk.deinfo@konstanz.ihk.de Autoridad de supervisi\u00f3n profesional [&hellip;]<\/p>\n","protected":false},"author":4,"featured_media":0,"parent":0,"menu_order":0,"comment_status":"closed","ping_status":"closed","template":"","meta":{"_acf_changed":false,"footnotes":""},"class_list":["post-2014","page","type-page","status-publish","hentry"],"acf":[],"_links":{"self":[{"href":"https:\/\/astridschaefer.de\/es\/wp-json\/wp\/v2\/pages\/2014","targetHints":{"allow":["GET"]}}],"collection":[{"href":"https:\/\/astridschaefer.de\/es\/wp-json\/wp\/v2\/pages"}],"about":[{"href":"https:\/\/astridschaefer.de\/es\/wp-json\/wp\/v2\/types\/page"}],"author":[{"embeddable":true,"href":"https:\/\/astridschaefer.de\/es\/wp-json\/wp\/v2\/users\/4"}],"replies":[{"embeddable":true,"href":"https:\/\/astridschaefer.de\/es\/wp-json\/wp\/v2\/comments?post=2014"}],"version-history":[{"count":0,"href":"https:\/\/astridschaefer.de\/es\/wp-json\/wp\/v2\/pages\/2014\/revisions"}],"wp:attachment":[{"href":"https:\/\/astridschaefer.de\/es\/wp-json\/wp\/v2\/media?parent=2014"}],"curies":[{"name":"wp","href":"https:\/\/api.w.org\/{rel}","templated":true}]}}