{"id":1996,"date":"2022-06-10T09:03:11","date_gmt":"2022-06-10T07:03:11","guid":{"rendered":"https:\/\/astridschaefer.de\/resultados-de-la-busqueda\/"},"modified":"2022-12-15T13:12:20","modified_gmt":"2022-12-15T12:12:20","slug":"resultados-de-la-busqueda","status":"publish","type":"page","link":"https:\/\/astridschaefer.de\/es\/resultados-de-la-busqueda\/","title":{"rendered":"resultados de la b\u00fasqueda"},"content":{"rendered":"\t\t<div data-elementor-type=\"wp-page\" data-elementor-id=\"1996\" class=\"elementor elementor-1996 elementor-1292\" data-elementor-post-type=\"page\">\n\t\t\t\t\t\t<section class=\"elementor-section elementor-top-section elementor-element elementor-element-b088dfb elementor-section-boxed elementor-section-height-default elementor-section-height-default\" data-id=\"b088dfb\" data-element_type=\"section\" data-e-type=\"section\">\n\t\t\t\t\t\t<div class=\"elementor-container elementor-column-gap-default\">\n\t\t\t\t\t<div class=\"elementor-column elementor-col-100 elementor-top-column elementor-element elementor-element-ae5aef5\" data-id=\"ae5aef5\" data-element_type=\"column\" data-e-type=\"column\">\n\t\t\t<div class=\"elementor-widget-wrap\">\n\t\t\t\t\t\t\t<\/div>\n\t\t<\/div>\n\t\t\t\t\t<\/div>\n\t\t<\/section>\n\t\t\t\t<\/div>\n\t\t","protected":false},"excerpt":{"rendered":"<p>Finden Sie Ihr perfektes Zuhause Preis 50.000,00\u20ac75.000,00\u20ac100.000,00\u20ac125.000,00\u20ac150.000,00\u20ac175.000,00\u20ac200.000,00\u20ac300.000,00\u20ac400.000,00\u20ac500.000,00\u20ac600.000,00\u20ac700.000,00\u20ac800.000,00\u20ac900.000,00\u20ac1.000.000,00\u20ac1.250.000,00\u20ac1.500.000,00\u20ac1.750.000,00\u20ac2.000.000,00\u20ac2.500.000,00\u20ac3.000.000,00\u20ac5.000.000,00\u20ac10.000.000,00\u20ac 75.000,00\u20ac100.000,00\u20ac125.000,00\u20ac150.000,00\u20ac175.000,00\u20ac200.000,00\u20ac300.000,00\u20ac400.000,00\u20ac500.000,00\u20ac600.000,00\u20ac700.000,00\u20ac800.000,00\u20ac900.000,00\u20ac1.000.000,00\u20ac1.250.000,00\u20ac1.500.000,00\u20ac1.750.000,00\u20ac2.000.000,00\u20ac2.500.000,00\u20ac3.000.000,00\u20ac5.000.000,00\u20ac10.000.000,00\u20ac20.000.000,00\u20ac Typ Gewerbeimmobilie Ladenlokal Schlafzimmer Beliebig 1+ 2+ 3+ 4+ Badezimmer Beliebig 1+ 2+ 3+ 4+ G\u00e4steb\u00e4der Beliebig 1+ 2+ 3+ 4+ Fl\u00e4che, m\u00b2 Keine min500 m\u00b2750 m\u00b21000 m\u00b21250 m\u00b21500 m\u00b21750 m\u00b22000 m\u00b22250 m\u00b22500 m\u00b22750 m\u00b23000 m\u00b24000 m\u00b25000 m\u00b27500 m\u00b2 Keine max750 m\u00b21000 m\u00b21250 m\u00b21500 m\u00b21750 m\u00b22000 m\u00b22250 [&hellip;]<\/p>\n","protected":false},"author":4,"featured_media":0,"parent":0,"menu_order":0,"comment_status":"closed","ping_status":"closed","template":"","meta":{"_acf_changed":false,"footnotes":""},"class_list":["post-1996","page","type-page","status-publish","hentry"],"acf":[],"_links":{"self":[{"href":"https:\/\/astridschaefer.de\/es\/wp-json\/wp\/v2\/pages\/1996","targetHints":{"allow":["GET"]}}],"collection":[{"href":"https:\/\/astridschaefer.de\/es\/wp-json\/wp\/v2\/pages"}],"about":[{"href":"https:\/\/astridschaefer.de\/es\/wp-json\/wp\/v2\/types\/page"}],"author":[{"embeddable":true,"href":"https:\/\/astridschaefer.de\/es\/wp-json\/wp\/v2\/users\/4"}],"replies":[{"embeddable":true,"href":"https:\/\/astridschaefer.de\/es\/wp-json\/wp\/v2\/comments?post=1996"}],"version-history":[{"count":0,"href":"https:\/\/astridschaefer.de\/es\/wp-json\/wp\/v2\/pages\/1996\/revisions"}],"wp:attachment":[{"href":"https:\/\/astridschaefer.de\/es\/wp-json\/wp\/v2\/media?parent=1996"}],"curies":[{"name":"wp","href":"https:\/\/api.w.org\/{rel}","templated":true}]}}