{"id":1988,"date":"2022-02-27T19:19:51","date_gmt":"2022-02-27T18:19:51","guid":{"rendered":"https:\/\/astridschaefer.de\/cheque-renta-vitalicia\/"},"modified":"2022-12-15T13:12:13","modified_gmt":"2022-12-15T12:12:13","slug":"cheque-renta-vitalicia","status":"publish","type":"page","link":"https:\/\/astridschaefer.de\/es\/cheque-renta-vitalicia\/","title":{"rendered":"Cheque renta vitalicia"},"content":{"rendered":"\t\t<div data-elementor-type=\"wp-page\" data-elementor-id=\"1988\" class=\"elementor elementor-1988 elementor-775\" data-elementor-post-type=\"page\">\n\t\t\t\t\t\t<section class=\"elementor-section elementor-top-section elementor-element elementor-element-a3ad0c0 elementor-section-height-min-height elementor-section-boxed elementor-section-height-default elementor-section-items-middle\" data-id=\"a3ad0c0\" data-element_type=\"section\" data-e-type=\"section\" data-settings=\"{&quot;background_background&quot;:&quot;classic&quot;}\">\n\t\t\t\t\t\t<div class=\"elementor-container elementor-column-gap-default\">\n\t\t\t\t\t<div class=\"elementor-column elementor-col-100 elementor-top-column elementor-element elementor-element-70b7aaa\" data-id=\"70b7aaa\" data-element_type=\"column\" data-e-type=\"column\">\n\t\t\t<div class=\"elementor-widget-wrap elementor-element-populated\">\n\t\t\t\t\t\t<section class=\"elementor-section elementor-inner-section elementor-element elementor-element-8881d4b elementor-section-boxed elementor-section-height-default elementor-section-height-default\" data-id=\"8881d4b\" data-element_type=\"section\" data-e-type=\"section\">\n\t\t\t\t\t\t<div class=\"elementor-container elementor-column-gap-default\">\n\t\t\t\t\t<div class=\"elementor-column elementor-col-50 elementor-inner-column elementor-element elementor-element-90108cd\" data-id=\"90108cd\" data-element_type=\"column\" data-e-type=\"column\" data-settings=\"{&quot;background_background&quot;:&quot;classic&quot;}\">\n\t\t\t<div class=\"elementor-widget-wrap elementor-element-populated\">\n\t\t\t\t\t\t<div class=\"elementor-element elementor-element-17c2d21 elementor-widget elementor-widget-heading\" data-id=\"17c2d21\" data-element_type=\"widget\" data-e-type=\"widget\" data-widget_type=\"heading.default\">\n\t\t\t\t<div class=\"elementor-widget-container\">\n\t\t\t\t\t<h4 class=\"elementor-heading-title elementor-size-default\">Sin preocupaciones financieras en la vida cotidiana.<\/h4>\t\t\t\t<\/div>\n\t\t\t\t<\/div>\n\t\t\t\t<div class=\"elementor-element elementor-element-051e070 elementor-widget elementor-widget-heading\" data-id=\"051e070\" data-element_type=\"widget\" data-e-type=\"widget\" data-widget_type=\"heading.default\">\n\t\t\t\t<div class=\"elementor-widget-container\">\n\t\t\t\t\t<h2 class=\"elementor-heading-title elementor-size-default\">Renta vitalicia: \u00bfqu\u00e9 posibilidades tengo?<\/h2>\t\t\t\t<\/div>\n\t\t\t\t<\/div>\n\t\t\t\t<div class=\"elementor-element elementor-element-c3215da elementor-widget elementor-widget-heading\" data-id=\"c3215da\" data-element_type=\"widget\" data-e-type=\"widget\" data-widget_type=\"heading.default\">\n\t\t\t\t<div class=\"elementor-widget-container\">\n\t\t\t\t\t<p class=\"elementor-heading-title elementor-size-default\">\u00bfEs el modelo de \"renta vitalicia\" tambi\u00e9n una forma de asegurar su nivel de vida en la vejez? Compru\u00e9belo ahora: sencillo, r\u00e1pido y sin compromiso.<\/p>\t\t\t\t<\/div>\n\t\t\t\t<\/div>\n\t\t\t\t<div class=\"elementor-element elementor-element-6878055 elementor-widget elementor-widget-button\" data-id=\"6878055\" data-element_type=\"widget\" data-e-type=\"widget\" data-widget_type=\"button.default\">\n\t\t\t\t<div class=\"elementor-widget-container\">\n\t\t\t\t\t\t\t\t\t<div class=\"elementor-button-wrapper\">\n\t\t\t\t\t<a class=\"elementor-button elementor-button-link elementor-size-sm\" href=\"#ahora\">\n\t\t\t\t\t\t<span class=\"elementor-button-content-wrapper\">\n\t\t\t\t\t\t\t\t\t<span class=\"elementor-button-text\">Compruebe las posibilidades ahora<\/span>\n\t\t\t\t\t<\/span>\n\t\t\t\t\t<\/a>\n\t\t\t\t<\/div>\n\t\t\t\t\t\t\t\t<\/div>\n\t\t\t\t<\/div>\n\t\t\t\t\t<\/div>\n\t\t<\/div>\n\t\t\t\t<div class=\"elementor-column elementor-col-50 elementor-inner-column elementor-element elementor-element-065f2b8\" data-id=\"065f2b8\" data-element_type=\"column\" data-e-type=\"column\">\n\t\t\t<div class=\"elementor-widget-wrap\">\n\t\t\t\t\t\t\t<\/div>\n\t\t<\/div>\n\t\t\t\t\t<\/div>\n\t\t<\/section>\n\t\t\t\t\t<\/div>\n\t\t<\/div>\n\t\t\t\t\t<\/div>\n\t\t<\/section>\n\t\t\t\t<section class=\"elementor-section elementor-top-section elementor-element elementor-element-1977e20 elementor-section-boxed elementor-section-height-default elementor-section-height-default\" data-id=\"1977e20\" data-element_type=\"section\" data-e-type=\"section\" id=\"jetzt\">\n\t\t\t\t\t\t<div class=\"elementor-container elementor-column-gap-default\">\n\t\t\t\t\t<div class=\"elementor-column elementor-col-100 elementor-top-column elementor-element elementor-element-46270d7\" data-id=\"46270d7\" data-element_type=\"column\" data-e-type=\"column\">\n\t\t\t<div class=\"elementor-widget-wrap elementor-element-populated\">\n\t\t\t\t\t\t<div class=\"elementor-element elementor-element-87caadb elementor-widget elementor-widget-heading\" data-id=\"87caadb\" data-element_type=\"widget\" data-e-type=\"widget\" data-widget_type=\"heading.default\">\n\t\t\t\t<div class=\"elementor-widget-container\">\n\t\t\t\t\t<h6 class=\"elementor-heading-title elementor-size-default\">El examen es totalmente no vinculante y seguro para usted.<\/h6>\t\t\t\t<\/div>\n\t\t\t\t<\/div>\n\t\t\t\t<div class=\"elementor-element elementor-element-f04f006 elementor-widget elementor-widget-html\" data-id=\"f04f006\" data-element_type=\"widget\" data-e-type=\"widget\" data-widget_type=\"html.default\">\n\t\t\t\t<div class=\"elementor-widget-container\">\n\t\t\t\t\t<script src=\"https:\/\/iframe.immowissen.org\/loader.min.js\" data-company=\"astrid-schaefer-immobilien\" data-slug=\"leibrenten-check\" data-bottimmo defer><\/script>\t\t\t\t<\/div>\n\t\t\t\t<\/div>\n\t\t\t\t<section class=\"elementor-section elementor-inner-section elementor-element elementor-element-773dd00 elementor-section-boxed elementor-section-height-default elementor-section-height-default\" data-id=\"773dd00\" data-element_type=\"section\" data-e-type=\"section\">\n\t\t\t\t\t\t<div class=\"elementor-container elementor-column-gap-default\">\n\t\t\t\t\t<div class=\"elementor-column elementor-col-100 elementor-inner-column elementor-element elementor-element-9cc31e3\" data-id=\"9cc31e3\" data-element_type=\"column\" data-e-type=\"column\" data-settings=\"{&quot;background_background&quot;:&quot;classic&quot;}\">\n\t\t\t<div class=\"elementor-widget-wrap elementor-element-populated\">\n\t\t\t\t\t\t<div class=\"elementor-element elementor-element-de67e86 elementor-icon-list--layout-inline elementor-align-center elementor-mobile-align-center elementor-list-item-link-full_width elementor-widget elementor-widget-icon-list\" data-id=\"de67e86\" data-element_type=\"widget\" data-e-type=\"widget\" data-widget_type=\"icon-list.default\">\n\t\t\t\t<div class=\"elementor-widget-container\">\n\t\t\t\t\t\t\t<ul class=\"elementor-icon-list-items elementor-inline-items\">\n\t\t\t\t\t\t\t<li class=\"elementor-icon-list-item elementor-inline-item\">\n\t\t\t\t\t\t\t\t\t\t\t<span class=\"elementor-icon-list-icon\">\n\t\t\t\t\t\t\t<svg xmlns=\"http:\/\/www.w3.org\/2000\/svg\" fill=\"#a00055\" height=\"20\" viewBox=\"0 0 30 30\" width=\"20\"><path d=\"m10.8667 12.4769v-4.17682c0-2.83506 2.2983-5.13333 5.1334-5.13333 2.835 0 5.1333 2.29827 5.1333 5.13333v4.17682c2.3273 1.6234 3.85 4.3205 3.85 7.3732 0 4.9613-4.022 8.9833-8.9833 8.9833-4.9614 0-8.98338-4.022-8.98338-8.9833 0-3.0527 1.5227-5.7498 3.84998-7.3732zm8.9834-.7457v-3.43112c0-2.12629-1.7237-3.85-3.85-3.85s-3.85 1.72371-3.85 3.85v3.43112c1.1668-.5543 2.4722-.8645 3.85-.8645 1.3777 0 2.6831.3102 3.85.8645zm-3.85 15.8189c4.2526 0 7.7-3.4474 7.7-7.7s-3.4474-7.7-7.7-7.7-7.70004 3.4474-7.70004 7.7 3.44744 7.7 7.70004 7.7zm-1.2834-8.9834v.4902c0 .844.1965 1.6764.5739 2.4312l.3548.7094c.0671.1344.2044.2192.3547.2192.1502 0 .2875-.0848.3547-.2192l.3547-.7094c.3774-.7548.5739-1.5872.5739-2.4312v-.4902c0-.7087-.5746-1.2833-1.2833-1.2833-.7088 0-1.2834.5746-1.2834 1.2833zm-1.2833 0c0-1.4175 1.1491-2.5666 2.5667-2.5666 1.4175 0 2.5666 1.1491 2.5666 2.5666v.4902c0 1.0432-.2429 2.0721-.7094 3.0051l-.3547.7095c-.2846.5691-.8662.9286-1.5025.9286s-1.218-.3595-1.5026-.9286l-.3547-.7095c-.4665-.933-.7094-1.9619-.7094-3.0051z\" fill=\"#a00055\"><\/path><\/svg>\t\t\t\t\t\t<\/span>\n\t\t\t\t\t\t\t\t\t\t<span class=\"elementor-icon-list-text\">No vinculante y seguro<\/span>\n\t\t\t\t\t\t\t\t\t<\/li>\n\t\t\t\t\t\t\t\t<li class=\"elementor-icon-list-item elementor-inline-item\">\n\t\t\t\t\t\t\t\t\t\t\t<span class=\"elementor-icon-list-icon\">\n\t\t\t\t\t\t\t<svg xmlns=\"http:\/\/www.w3.org\/2000\/svg\" fill=\"#a00055\" height=\"20\" viewBox=\"0 0 32 32\" width=\"20\"><path d=\"m15.8198 18.5667h-8.16149c-.52442 0-.82739-.595-.51894-1.0191l10.26663-14.11669c.4149-.57042 1.3126-.15122 1.1415.53304l-2.3674 9.46935h8.1615c.5245 0 .8274.595.519 1.0191l-10.2667 14.1167c-.4148.5704-1.3125.1512-1.1414-.5331zm.6817-11.71015-7.5831 10.42675h7.7232c.4175 0 .7238.3923.6226.7973l-1.7657 7.0628 7.5831-10.4267h-7.7233c-.4174 0-.7237-.3924-.6225-.7973z\" fill=\"#a00055\"><\/path><\/svg>\t\t\t\t\t\t<\/span>\n\t\t\t\t\t\t\t\t\t\t<span class=\"elementor-icon-list-text\">En l\u00ednea y r\u00e1pido<\/span>\n\t\t\t\t\t\t\t\t\t<\/li>\n\t\t\t\t\t\t\t\t<li class=\"elementor-icon-list-item elementor-inline-item\">\n\t\t\t\t\t\t\t\t\t\t\t<span class=\"elementor-icon-list-icon\">\n\t\t\t\t\t\t\t<svg xmlns=\"http:\/\/www.w3.org\/2000\/svg\" fill=\"#a00055\" height=\"20\" viewBox=\"0 0 32 32\" width=\"20\"><path d=\"m4.56035 18.523c-1.51908-.2532-2.67705-1.5737-2.67705-3.1646v-1.2833c0-.3544.28728-.6417.64167-.6417.35438 0 .64166.2873.64166.6417v1.2833c0 .8413.53962 1.5565 1.2916 1.8184-.00551-.1758-.00826-.3542-.00826-.5351 0-4.5133 4.63428-8.34162 12.19163-8.34162 1.7763 0 3.3486.17051 4.7176.51418.5957-1.80524 2.2963-3.08085 4.2658-3.08085.3543 0 .6416.28729.6416.64167v5.30672c.4333.5251.7911 1.1095 1.0732 1.7516h2.1352c.3543 0 .6416.2873.6416.6417v5.1333c0 .3544-.2873.6417-.6416.6417h-1.9829c-.2208 1.2178-1.0706 2.3901-2.5088 3.5243v4.8173c0 .3544-.2873.6417-.6417.6417h-3.85c-.3543 0-.6416-.2873-.6416-.6417v-1.9249h-6.4167v1.9249c0 .3544-.2873.6417-.6417.6417h-3.84997c-.35438 0-.64166-.2873-.64166-.6417v-3.465c-2.13423-1.2105-3.37898-3.2975-3.73962-6.2037zm17.89715-8.81173c-.0619.38473-.4495.62593-.822.51153-1.3833-.42486-3.0483-.63938-4.9939-.63938-6.89697 0-10.9083 3.31368-10.9083 7.05828 0 3.6255 1.16865 5.9628 3.4953 7.1261.21738.1087.3547.3309.3547.5739v3.2084h2.5667v-1.925c0-.3544.2873-.6417.6416-.6417h7.7c.3544 0 .6417.2873.6417.6417v1.925h2.5667v-4.4917c0-.202.0951-.3921.2566-.5133 1.5654-1.174 2.31-2.291 2.31-3.3367 0-.3544.2873-.6417.6417-.6417h1.925v-3.85h-1.925c-.2675 0-.5069-.1659-.6008-.4163-.2789-.7438-.6664-1.3949-1.1633-1.9571-.1037-.1173-.1609-.2684-.1609-.425v-4.83711c-1.2895.2625-2.3122 1.30077-2.5258 2.63008zm-9.0242-3.33619c0 .35438-.2873.64167-.6417.64167-.3543 0-.6416-.28729-.6416-.64167 0-1.77191 1.4364-3.20833 3.2083-3.20833h.0318c1.772 0 3.2085 1.43651 3.2085 3.20853 0 .35438-.2872.64167-.6416.64167s-.6417-.28729-.6417-.64167c0-1.06326-.8619-1.9252-1.9252-1.9252h-.0318c-1.0631 0-1.925.86185-1.925 1.925zm8.9833 9.62502c-.7087 0-1.2833-.5746-1.2833-1.2834 0-.7087.5746-1.2833 1.2833-1.2833.7088 0 1.2834.5746 1.2834 1.2833 0 .7088-.5746 1.2834-1.2834 1.2834z\" fill=\"#a00055\"><\/path><\/svg>\t\t\t\t\t\t<\/span>\n\t\t\t\t\t\t\t\t\t\t<span class=\"elementor-icon-list-text\">0,- EUR<\/span>\n\t\t\t\t\t\t\t\t\t<\/li>\n\t\t\t\t\t\t<\/ul>\n\t\t\t\t\t\t<\/div>\n\t\t\t\t<\/div>\n\t\t\t\t\t<\/div>\n\t\t<\/div>\n\t\t\t\t\t<\/div>\n\t\t<\/section>\n\t\t\t\t\t<\/div>\n\t\t<\/div>\n\t\t\t\t\t<\/div>\n\t\t<\/section>\n\t\t\t\t<section class=\"elementor-section elementor-top-section elementor-element elementor-element-e35c88d elementor-section-boxed elementor-section-height-default elementor-section-height-default\" data-id=\"e35c88d\" data-element_type=\"section\" data-e-type=\"section\">\n\t\t\t\t\t\t<div class=\"elementor-container elementor-column-gap-default\">\n\t\t\t\t\t<div class=\"elementor-column elementor-col-100 elementor-top-column elementor-element elementor-element-de3a4ed\" data-id=\"de3a4ed\" data-element_type=\"column\" data-e-type=\"column\">\n\t\t\t<div class=\"elementor-widget-wrap elementor-element-populated\">\n\t\t\t\t\t\t<div class=\"elementor-element elementor-element-1f6a084 elementor-widget elementor-widget-heading\" data-id=\"1f6a084\" data-element_type=\"widget\" data-e-type=\"widget\" data-widget_type=\"heading.default\">\n\t\t\t\t<div class=\"elementor-widget-container\">\n\t\t\t\t\t<h2 class=\"elementor-heading-title elementor-size-default\">\u00bfSeguridad econ\u00f3mica y vivienda propia? Es posible.<\/h2>\t\t\t\t<\/div>\n\t\t\t\t<\/div>\n\t\t\t\t<div class=\"elementor-element elementor-element-c7b9de0 elementor-widget elementor-widget-text-editor\" data-id=\"c7b9de0\" data-element_type=\"widget\" data-e-type=\"widget\" data-widget_type=\"text-editor.default\">\n\t\t\t\t<div class=\"elementor-widget-container\">\n\t\t\t\t\t\t\t\t\t<section class=\"container max-w-screen-lg text-lg mt-24\">\n<p class=\"mb-4 leading-relaxed\">\u00bfDesea conservar su vivienda y, al mismo tiempo, beneficiarse de la revalorizaci\u00f3n de los \u00faltimos a\u00f1os? Entonces, anualizar su propiedad puede ser una opci\u00f3n atractiva. Pero cuidado, hay que tener en cuenta algunas cosas. En esta gu\u00eda le mostramos todas las oportunidades y riesgos. En primer lugar, s\u00f3lo necesitamos que nos facilite algunos datos para comprobar si el modelo de renta vitalicia le conviene. Haz la comprobaci\u00f3n r\u00e1pida.<\/p>\n<\/section>\n\t\t\t\t\t\t\t\t<\/div>\n\t\t\t\t<\/div>\n\t\t\t\t\t<\/div>\n\t\t<\/div>\n\t\t\t\t\t<\/div>\n\t\t<\/section>\n\t\t\t\t<section class=\"elementor-section elementor-top-section elementor-element elementor-element-041f396 elementor-section-boxed elementor-section-height-default elementor-section-height-default\" data-id=\"041f396\" data-element_type=\"section\" data-e-type=\"section\">\n\t\t\t\t\t\t<div class=\"elementor-container elementor-column-gap-default\">\n\t\t\t\t\t<div class=\"elementor-column elementor-col-100 elementor-top-column elementor-element elementor-element-94ef6dc\" data-id=\"94ef6dc\" data-element_type=\"column\" data-e-type=\"column\">\n\t\t\t<div class=\"elementor-widget-wrap elementor-element-populated\">\n\t\t\t\t\t\t<div class=\"elementor-element elementor-element-447a1da elementor-align-center elementor-widget elementor-widget-button\" data-id=\"447a1da\" data-element_type=\"widget\" data-e-type=\"widget\" data-widget_type=\"button.default\">\n\t\t\t\t<div class=\"elementor-widget-container\">\n\t\t\t\t\t\t\t\t\t<div class=\"elementor-button-wrapper\">\n\t\t\t\t\t<a class=\"elementor-button elementor-button-link elementor-size-sm\" href=\"#ahora\">\n\t\t\t\t\t\t<span class=\"elementor-button-content-wrapper\">\n\t\t\t\t\t\t\t\t\t<span class=\"elementor-button-text\">Compruebe las posibilidades ahora<\/span>\n\t\t\t\t\t<\/span>\n\t\t\t\t\t<\/a>\n\t\t\t\t<\/div>\n\t\t\t\t\t\t\t\t<\/div>\n\t\t\t\t<\/div>\n\t\t\t\t\t<\/div>\n\t\t<\/div>\n\t\t\t\t\t<\/div>\n\t\t<\/section>\n\t\t\t\t<section class=\"elementor-section elementor-top-section elementor-element elementor-element-7293a60 elementor-section-content-middle elementor-section-boxed elementor-section-height-default elementor-section-height-default\" data-id=\"7293a60\" data-element_type=\"section\" data-e-type=\"section\">\n\t\t\t\t\t\t<div class=\"elementor-container elementor-column-gap-default\">\n\t\t\t\t\t<div class=\"elementor-column elementor-col-33 elementor-top-column elementor-element elementor-element-03608b7\" data-id=\"03608b7\" data-element_type=\"column\" data-e-type=\"column\">\n\t\t\t<div class=\"elementor-widget-wrap elementor-element-populated\">\n\t\t\t\t\t\t<div class=\"elementor-element elementor-element-e0d64b2 elementor-widget elementor-widget-image\" data-id=\"e0d64b2\" data-element_type=\"widget\" data-e-type=\"widget\" data-widget_type=\"image.default\">\n\t\t\t\t<div class=\"elementor-widget-container\">\n\t\t\t\t\t\t\t\t\t\t\t\t\t\t\t<img fetchpriority=\"high\" decoding=\"async\" width=\"500\" height=\"500\" src=\"https:\/\/astridschaefer.de\/wp-content\/uploads\/2022\/02\/kontakt.jpeg\" class=\"attachment-large size-large wp-image-1747\" alt=\"\" srcset=\"https:\/\/astridschaefer.de\/wp-content\/uploads\/2022\/02\/kontakt.jpeg 500w, https:\/\/astridschaefer.de\/wp-content\/uploads\/2022\/02\/kontakt-300x300.jpeg 300w, https:\/\/astridschaefer.de\/wp-content\/uploads\/2022\/02\/kontakt-150x150.jpeg 150w\" sizes=\"(max-width: 500px) 100vw, 500px\">\t\t\t\t\t\t\t\t\t\t\t\t\t\t\t<\/div>\n\t\t\t\t<\/div>\n\t\t\t\t\t<\/div>\n\t\t<\/div>\n\t\t\t\t<div class=\"elementor-column elementor-col-66 elementor-top-column elementor-element elementor-element-5d08e77\" data-id=\"5d08e77\" data-element_type=\"column\" data-e-type=\"column\">\n\t\t\t<div class=\"elementor-widget-wrap elementor-element-populated\">\n\t\t\t\t\t\t<div class=\"elementor-element elementor-element-48d40fe elementor-widget elementor-widget-heading\" data-id=\"48d40fe\" data-element_type=\"widget\" data-e-type=\"widget\" data-widget_type=\"heading.default\">\n\t\t\t\t<div class=\"elementor-widget-container\">\n\t\t\t\t\t<h4 class=\"elementor-heading-title elementor-size-default\">Astrid Sch\u00e4fer<\/h4>\t\t\t\t<\/div>\n\t\t\t\t<\/div>\n\t\t\t\t<div class=\"elementor-element elementor-element-791c92d elementor-widget elementor-widget-heading\" data-id=\"791c92d\" data-element_type=\"widget\" data-e-type=\"widget\" data-widget_type=\"heading.default\">\n\t\t\t\t<div class=\"elementor-widget-container\">\n\t\t\t\t\t<span class=\"elementor-heading-title elementor-size-default\">Experto inmobiliario de Constanza<\/span>\t\t\t\t<\/div>\n\t\t\t\t<\/div>\n\t\t\t\t<div class=\"elementor-element elementor-element-3559280 elementor-widget elementor-widget-text-editor\" data-id=\"3559280\" data-element_type=\"widget\" data-e-type=\"widget\" data-widget_type=\"text-editor.default\">\n\t\t\t\t<div class=\"elementor-widget-container\">\n\t\t\t\t\t\t\t\t\t<p>\u00bfNecesita una evaluaci\u00f3n profesional? Si tiene alguna duda sobre su propiedad, estaremos encantados de ayudarle y asesorarle.<\/p>\n\t\t\t\t\t\t\t\t<\/div>\n\t\t\t\t<\/div>\n\t\t\t\t<div class=\"elementor-element elementor-element-ed349b4 elementor-align-start elementor-icon-list--layout-traditional elementor-list-item-link-full_width elementor-widget elementor-widget-icon-list\" data-id=\"ed349b4\" data-element_type=\"widget\" data-e-type=\"widget\" data-widget_type=\"icon-list.default\">\n\t\t\t\t<div class=\"elementor-widget-container\">\n\t\t\t\t\t\t\t<ul class=\"elementor-icon-list-items\">\n\t\t\t\t\t\t\t<li class=\"elementor-icon-list-item\">\n\t\t\t\t\t\t\t\t\t\t\t<a href=\"\">\n\n\t\t\t\t\t\t\t\t\t\t\t\t<span class=\"elementor-icon-list-icon\">\n\t\t\t\t\t\t\t<svg xmlns=\"http:\/\/www.w3.org\/2000\/svg\" fill=\"#a00055\" height=\"15\" viewBox=\"0 0 15 15\" width=\"15\"><path d=\"m14.9854 6.92871c0-.03906-.0049-.07812-.0147-.11719-.0098-.03906-.0244-.07812-.0439-.11718-.0098-.03907-.0245-.07325-.044-.10254-.0195-.03907-.0439-.07325-.0732-.10254l-.0147-.01465c-.0195-.0293-.0439-.05859-.0732-.08789s-.0586-.0586-.0879-.08789l-6.10841-5.903322c-.26367-.263672-.5957-.395508-.99609-.395508s-.73242.131836-.9961.395508l-6.108395 5.859372c-.058594.0586-.117188.12207-.175782.19043-.058593.06836-.117187.16114-.1757808.27832-.0488281.10742-.0732422.21485-.0732422.32227v7.0166c0 .2637.0927734.4834.27832.6592.185547.1855.405274.2783.65918.2783h13.125c.166 0 .3223-.0439.4687-.1318.1465-.0782.2588-.1905.337-.337.0879-.1464.1318-.3027.1318-.4687v-7.00195c0-.01953 0-.03907 0-.0586s-.0049-.04394-.0146-.07324zm-11.03032 3.70609-3.01758 2.7832v-5.4346zm.9668.3955c.02929-.0293.05859-.0586.08789-.0879.00976-.0098.01464-.0147.01464-.0147l2.06543-1.90426c.10743-.08789.2295-.13184.36621-.13184.13672 0 .25391.03906.35157.11719l5.62498 5.05371h-11.82127zm6.16702-.3223 2.9736-2.63671v5.30271zm-9.56546-4.21874 5.66894-5.43457c.09766-.087893.20996-.131838.33692-.131838.12695 0 .23925.043945.33691.131838l5.28809 5.05371h-.0147l.8057.80566-3.5449 3.14944-1.9922-1.77248c-.17578-.14649-.37597-.24414-.60058-.29297s-.4541-.04883-.68848 0c-.23437.04883-.44434.15136-.62988.30761l-1.84571 1.69924-3.54492-3.13478.39551-.38086z\" fill=\"#a00055\"><\/path><\/svg>\t\t\t\t\t\t<\/span>\n\t\t\t\t\t\t\t\t\t\t<span class=\"elementor-icon-list-text\">immobilien@astridschaefer.de<\/span>\n\t\t\t\t\t\t\t\t\t\t\t<\/a>\n\t\t\t\t\t\t\t\t\t<\/li>\n\t\t\t\t\t\t\t\t<li class=\"elementor-icon-list-item\">\n\t\t\t\t\t\t\t\t\t\t\t<a href=\"tel:07531%209764840\">\n\n\t\t\t\t\t\t\t\t\t\t\t\t<span class=\"elementor-icon-list-icon\">\n\t\t\t\t\t\t\t<svg xmlns=\"http:\/\/www.w3.org\/2000\/svg\" fill=\"#a00055\" height=\"15\" viewBox=\"0 0 15 15\" width=\"15\"><path d=\"m3.70709.347782c.57263.786288 1.24574 1.794358 2.0193 3.024198.19088.32258.16074.72076-.09042 1.19455-.08037.16129-.32148.60988-.72333 1.34577.08037.12097.17079.24697.27125.37802.11051.13105.22604.27218.3466.42339.12055.14113.25116.2873.3918.43851.14065.15121.28632.3125.43702.48387.16074.16129.3265.32762.49729.49899.88408.8871 1.61746 1.54234 2.20014 1.96572.65301-.38306 1.10006-.63507 1.34116-.75604.2512-.14113.4923-.2117.7234-.2117.1808 0 .3365.04033.4671.12097.8941.54436 1.9088 1.21977 3.044 2.02617.201.1613.3215.373.3617.6351.0301.2722-.0553.5645-.2562.877-.0803.121-.2361.3226-.4671.6049-.211.2621-.5325.5947-.9645.998-.4219.4032-.7685.6048-1.0398.6048h-.0301c-1.0348-.0403-2.1851-.4486-3.45091-1.2248-1.26583-.7762-2.65222-1.9153-4.15917-3.4173-3.00384-3.02423-4.5459496-5.56959-4.62632-7.63613 0-.27217.200926-.63004.602778-1.07358.391806-.42339.718312-.740932.979512-.952625.26121-.201613.47218-.357863.63292-.46875.21097-.1512102.45711-.226815.7384-.226815.32148 0 .57264.115927.75348.347782zm-.96445.61996c-.39181.282258-.77356.609878-1.14528.982858-.36166.36291-.57264.63005-.632915.80142.080375 1.81451 1.522015 4.12802 4.324935 6.94052 2.81296 2.81246 5.12862 4.26916 6.94702 4.36996.1507-.0605.4069-.2772.7685-.6502.3617-.373.6882-.7611.9796-1.1643.0301-.0403.0502-.0756.0602-.1059.0101-.0403.0101-.0756 0-.1058-1.1553-.8065-2.1298-1.4617-2.9234-1.9657-.0804 0-.1809.0302-.3014.0907-.0402.0202-.201.1109-.4823.2722s-.55753.3125-.82878.4536l-.49729.3024-.49729-.3326c-.63292-.4335-1.4115-1.12404-2.33576-2.07162-.90417-.91734-1.5823-1.69859-2.03438-2.34375l-.36167-.46875.30139-.52923c.37171-.6754.61283-1.11391.72334-1.31553.06027-.12096.09041-.22177.09041-.30242-.34157-.54435-.6731-1.05846-.99458-1.54233-.32148-.49396-.6279-.95262-.91924-1.376012h-.03014c-.08037 0-.15069.020161-.21097.060484z\" fill=\"#a00055\"><\/path><\/svg>\t\t\t\t\t\t<\/span>\n\t\t\t\t\t\t\t\t\t\t<span class=\"elementor-icon-list-text\">07531 9764840<\/span>\n\t\t\t\t\t\t\t\t\t\t\t<\/a>\n\t\t\t\t\t\t\t\t\t<\/li>\n\t\t\t\t\t\t<\/ul>\n\t\t\t\t\t\t<\/div>\n\t\t\t\t<\/div>\n\t\t\t\t\t<\/div>\n\t\t<\/div>\n\t\t\t\t\t<\/div>\n\t\t<\/section>\n\t\t\t\t<section class=\"elementor-section elementor-top-section elementor-element elementor-element-2c6f73d elementor-hidden-desktop elementor-hidden-tablet elementor-hidden-mobile elementor-section-boxed elementor-section-height-default elementor-section-height-default\" data-id=\"2c6f73d\" data-element_type=\"section\" data-e-type=\"section\">\n\t\t\t\t\t\t<div class=\"elementor-container elementor-column-gap-default\">\n\t\t\t\t\t<div class=\"elementor-column elementor-col-100 elementor-top-column elementor-element elementor-element-1e5de32\" data-id=\"1e5de32\" data-element_type=\"column\" data-e-type=\"column\">\n\t\t\t<div class=\"elementor-widget-wrap elementor-element-populated\">\n\t\t\t\t\t\t<div class=\"elementor-element elementor-element-bf0b6f1 elementor-icon-list--layout-inline elementor-align-center elementor-list-item-link-full_width elementor-widget elementor-widget-icon-list\" data-id=\"bf0b6f1\" data-element_type=\"widget\" data-e-type=\"widget\" data-widget_type=\"icon-list.default\">\n\t\t\t\t<div class=\"elementor-widget-container\">\n\t\t\t\t\t\t\t<ul class=\"elementor-icon-list-items elementor-inline-items\">\n\t\t\t\t\t\t\t<li class=\"elementor-icon-list-item elementor-inline-item\">\n\t\t\t\t\t\t\t\t\t\t\t<a href=\"https:\/\/astridschaefer.de\/es\/\">\n\n\t\t\t\t\t\t\t\t\t\t\t<span class=\"elementor-icon-list-text\">P\u00c1GINA INICIAL<\/span>\n\t\t\t\t\t\t\t\t\t\t\t<\/a>\n\t\t\t\t\t\t\t\t\t<\/li>\n\t\t\t\t\t\t\t\t<li class=\"elementor-icon-list-item elementor-inline-item\">\n\t\t\t\t\t\t\t\t\t\t\t<a href=\"#\">\n\n\t\t\t\t\t\t\t\t\t\t\t<span class=\"elementor-icon-list-text\">  IMPRIMIR  <\/span>\n\t\t\t\t\t\t\t\t\t\t\t<\/a>\n\t\t\t\t\t\t\t\t\t<\/li>\n\t\t\t\t\t\t\t\t<li class=\"elementor-icon-list-item elementor-inline-item\">\n\t\t\t\t\t\t\t\t\t\t\t<a href=\"#\">\n\n\t\t\t\t\t\t\t\t\t\t\t<span class=\"elementor-icon-list-text\">PROTECCI\u00d3N DE DATOS<\/span>\n\t\t\t\t\t\t\t\t\t\t\t<\/a>\n\t\t\t\t\t\t\t\t\t<\/li>\n\t\t\t\t\t\t<\/ul>\n\t\t\t\t\t\t<\/div>\n\t\t\t\t<\/div>\n\t\t\t\t\t<\/div>\n\t\t<\/div>\n\t\t\t\t\t<\/div>\n\t\t<\/section>\n\t\t\t\t<\/div>\n\t\t","protected":false},"excerpt":{"rendered":"<p>Sin preocupaciones financieras en la vida cotidiana. Renta vitalicia: \u00bfqu\u00e9 posibilidades tengo? \u00bfEs el modelo de \u00abrenta vitalicia\u00bb tambi\u00e9n una forma de asegurar su nivel de vida en la vejez? Compru\u00e9belo ahora: sencillo, r\u00e1pido y sin compromiso. Compruebe las posibilidades ahora El examen es totalmente no vinculante y seguro para usted. No vinculante y seguro [&hellip;]<\/p>\n","protected":false},"author":4,"featured_media":0,"parent":0,"menu_order":0,"comment_status":"closed","ping_status":"closed","template":"elementor_header_footer","meta":{"_acf_changed":false,"footnotes":""},"class_list":["post-1988","page","type-page","status-publish","hentry"],"acf":[],"_links":{"self":[{"href":"https:\/\/astridschaefer.de\/es\/wp-json\/wp\/v2\/pages\/1988","targetHints":{"allow":["GET"]}}],"collection":[{"href":"https:\/\/astridschaefer.de\/es\/wp-json\/wp\/v2\/pages"}],"about":[{"href":"https:\/\/astridschaefer.de\/es\/wp-json\/wp\/v2\/types\/page"}],"author":[{"embeddable":true,"href":"https:\/\/astridschaefer.de\/es\/wp-json\/wp\/v2\/users\/4"}],"replies":[{"embeddable":true,"href":"https:\/\/astridschaefer.de\/es\/wp-json\/wp\/v2\/comments?post=1988"}],"version-history":[{"count":0,"href":"https:\/\/astridschaefer.de\/es\/wp-json\/wp\/v2\/pages\/1988\/revisions"}],"wp:attachment":[{"href":"https:\/\/astridschaefer.de\/es\/wp-json\/wp\/v2\/media?parent=1988"}],"curies":[{"name":"wp","href":"https:\/\/api.w.org\/{rel}","templated":true}]}}